{"id":667,"date":"2020-01-23T18:35:26","date_gmt":"2020-01-23T18:35:26","guid":{"rendered":"http:\/\/luphonic.de\/?page_id=667"},"modified":"2021-12-10T08:54:14","modified_gmt":"2021-12-10T08:54:14","slug":"impressum","status":"publish","type":"page","link":"https:\/\/luphonic.de\/en\/impressum\/","title":{"rendered":"Legal notice"},"content":{"rendered":"\t\t<div data-elementor-type=\"wp-page\" data-elementor-id=\"667\" class=\"elementor elementor-667\">\n\t\t\t\t\t\t<section class=\"elementor-section elementor-top-section elementor-element elementor-element-27f69c78 elementor-section-boxed elementor-section-height-default elementor-section-height-default\" data-id=\"27f69c78\" data-element_type=\"section\" data-e-type=\"section\">\n\t\t\t\t\t\t<div class=\"elementor-container elementor-column-gap-default\">\n\t\t\t\t\t<div class=\"elementor-column elementor-col-100 elementor-top-column elementor-element elementor-element-27894bcc\" data-id=\"27894bcc\" data-element_type=\"column\" data-e-type=\"column\">\n\t\t\t<div class=\"elementor-widget-wrap elementor-element-populated\">\n\t\t\t\t\t\t<div class=\"elementor-element elementor-element-32811a09 elementor-widget elementor-widget-text-editor\" data-id=\"32811a09\" data-element_type=\"widget\" data-e-type=\"widget\" data-widget_type=\"text-editor.default\">\n\t\t\t\t<div class=\"elementor-widget-container\">\n\t\t\t\t\t\t\t\t\t<p><\/p>\n<p>Luphonic Labs GmbH &amp; Co. KG<br \/>Kleiner Ring 3<br \/>35440 Linden<br \/>Deutschland<br \/><br \/>Vertreten durch:<br \/>Die Luphonic Labs GmbH &amp; Co. KG wird vertreten durch die pers\u00f6nlich haftende Gesellschafterin: TL Verwaltungs GmbH, Registergericht: Amtsgericht Gie\u00dfen, HRB 9987. Diese wiederum wird vertreten durch den Gesch\u00e4ftsf\u00fchrer Thomas Luh.<br \/><br \/>Kontakt:<br \/>Telefon +49 6403 968 3907<br \/>eMail info [at] luphonic.de<\/p>\n<p><\/p>\n<p><\/p>\n<p>Registereintrag:<br \/>Eintragung im Handelsregister.<br \/>Registergericht: Amtsgericht Gie\u00dfen<br \/>Registernummer: HRA 5020<\/p>\n<p><\/p>\n<p><\/p>\n<p>Steuernummer: 020 343 60102<br \/>Ust-IDNr.: DE328347458<\/p>\n<p>WEEE-Reg.Nr.: DE20658114<\/p>\n<p><\/p>\n<p><\/p>\n<p>Inhaltlich Verantwortlicher gem\u00e4\u00df \u00a7 6 MDStV:<br \/>Thomas Luh<\/p>\n<p><\/p>\n<p><\/p>\n<p>(Wenn Sie uns eine E-Mail zusenden, wird Ihre E-Mail Adresse von uns, bis zum jederzeit m\u00f6glichen Widerruf durch Sie, elektronisch gespeichert. Wir verweisen auf den Inhalt unserer Datenschutzerkl\u00e4rung.)<\/p>\n<p><\/p>\n<p><\/p>\n<h2 class=\"wp-block-heading\">HAFTUNGSAUSSCHLUSS<\/h2>\n<p><\/p>\n<p><\/p>\n<h3 class=\"wp-block-heading\">Haftung f\u00fcr Inhalte<\/h3>\n<p><\/p>\n<p><\/p>\n<p>Die Inhalte unserer Seiten wurden mit gr\u00f6\u00dfter Sorgfalt erstellt. F\u00fcr die Richtigkeit, Vollst\u00e4ndigkeit und Aktualit\u00e4t der Inhalte k\u00f6nnen wir jedoch keine Gew\u00e4hr \u00fcbernehmen.<\/p>\n<p><\/p>\n<p><\/p>\n<p>Als Dienstanbieter sind wir gem\u00e4\u00df \u00a7 7 Abs.1 TMG f\u00fcr eigene Inhalte auf diesen Seiten nach den allgemeinen Gesetzen verantwortlich. Nach \u00a7\u00a7 8 bis 10 TMG sind wir als Diensteanbieter jedoch nicht verpflichtet, \u00fcbermittelte oder gespeicherte fremde Informationen zu \u00fcberwachen oder nach Umst\u00e4nden zu forschen, die auf eine rechtswidrige T\u00e4tigkeit hinweisen. Verpflichtungen zur Entfernung oder Sperrung der Nutzung von Informationen nach den allgemeinen Gesetzen bleiben hiervon unber\u00fchrt. Eine diesbez\u00fcgliche Haftung ist jedoch erst ab dem Zeitpunkt der Kenntnis einer konkreten Rechtsverletzung m\u00f6glich. Bei Bekanntwerden von entsprechenden Rechtsverletzungen werden wir diese Inhalte umgehend entfernen.<\/p>\n<p><\/p>\n<p><\/p>\n<h3 class=\"wp-block-heading\">Haftung f\u00fcr Links<\/h3>\n<p><\/p>\n<p><\/p>\n<p>Die Webseite enth\u00e4lt sog. \u201eexterne Links\u201c (Verlinkungen) zu anderen Webseiten, auf deren Inhalt der Anbieter der Webseite keinen Einfluss hat. Aus diesem Grund kann der Anbieter f\u00fcr diese Inhalte auch keine Gew\u00e4hr \u00fcbernehmen.<br \/>F\u00fcr die Inhalte und Richtigkeit der bereitgestellten Informationen ist der jeweilige Anbieter der verlinkten Webseite verantwortlich. Zum Zeitpunkt der Verlinkung waren keine Rechtsverst\u00f6\u00dfe erkennbar. Bei Bekanntwerden einer solchen Rechtsverletzung wird der Link umgehend entfernen.<\/p>\n<p><\/p>\n<p><\/p>\n<h3 class=\"wp-block-heading\">Urheberrecht<\/h3>\n<p><\/p>\n<p><\/p>\n<p>Die Betreiber der Seiten sind bem\u00fcht, stets die Urheberrechte Anderer zu beachten bzw. auf selbst erstellte sowie lizenzfreie Werke zur\u00fcckzugreifen.<br \/>Die durch die Seitenbetreiber erstellten Inhalte und Werke auf diesen Seiten unterliegen dem deutschen Urheberrecht. Beitr\u00e4ge Dritter sind als solche gekennzeichnet. Die Vervielf\u00e4ltigung, Bearbeitung, Verbreitung und jede Art der Verwertung au\u00dferhalb der Grenzen des Urheberrechtes bed\u00fcrfen der schriftlichen Zustimmung des jeweiligen Autors bzw. Erstellers. Downloads und Kopien dieser Seite sind nur f\u00fcr den privaten, nicht kommerziellen Gebrauch gestattet.<\/p>\n<p><\/p>\n<p><\/p>\n<p><span style=\"font-size: 14px; color: var( --e-global-color-text );\">Die vorliegenden Inhalte des Internetauftritts der Luphonic Labs GmbH &amp; Co. KG sind urheberrechtlich gesch\u00fctzt. Alle Rechte sind vorbehalten. Die Verwendung der Texte und Abbildungen, auch auszugsweise, ohne die vorherige schriftliche Zustimmung von Luphonic Labs GmbH &amp; Co. KG sind gegen die Bestimmungen des Urheberrechts und sind damit rechtswidrig. Dies gilt auch f\u00fcr alle Verwertungsrechte wie die Vervielf\u00e4ltigung, die \u00dcbersetzung oder die Verwendung in elektronischen Systemen.<\/span><\/p>\n<p><\/p>\t\t\t\t\t\t\t\t<\/div>\n\t\t\t\t<\/div>\n\t\t\t\t\t<\/div>\n\t\t<\/div>\n\t\t\t\t\t<\/div>\n\t\t<\/section>\n\t\t\t\t<\/div>\n\t\t","protected":false},"excerpt":{"rendered":"<p>Luphonic Labs GmbH &amp; Co. KGKleiner Ring 335440 LindenDeutschland Vertreten durch:Die Luphonic Labs GmbH &amp; Co. KG wird vertreten durch die pers\u00f6nlich haftende Gesellschafterin: TL Verwaltungs GmbH, Registergericht: Amtsgericht Gie\u00dfen, HRB 9987. Diese wiederum wird vertreten durch den Gesch\u00e4ftsf\u00fchrer Thomas Luh. Kontakt:Telefon +49 6403 968 3907eMail info [at] luphonic.de Registereintrag:Eintragung im Handelsregister.Registergericht: Amtsgericht Gie\u00dfenRegisternummer: HRA [&hellip;]<\/p>\n","protected":false},"author":1,"featured_media":0,"parent":0,"menu_order":0,"comment_status":"closed","ping_status":"closed","template":"","meta":{"ocean_post_layout":"full-width","ocean_both_sidebars_style":"","ocean_both_sidebars_content_width":0,"ocean_both_sidebars_sidebars_width":0,"ocean_sidebar":"0","ocean_second_sidebar":"0","ocean_disable_margins":"enable","ocean_add_body_class":"","ocean_shortcode_before_top_bar":"","ocean_shortcode_after_top_bar":"","ocean_shortcode_before_header":"","ocean_shortcode_after_header":"","ocean_has_shortcode":"","ocean_shortcode_after_title":"","ocean_shortcode_before_footer_widgets":"","ocean_shortcode_after_footer_widgets":"","ocean_shortcode_before_footer_bottom":"","ocean_shortcode_after_footer_bottom":"","ocean_display_top_bar":"default","ocean_display_header":"default","ocean_header_style":"minimal","ocean_center_header_left_menu":"0","ocean_custom_header_template":"0","ocean_custom_logo":0,"ocean_custom_retina_logo":0,"ocean_custom_logo_max_width":0,"ocean_custom_logo_tablet_max_width":0,"ocean_custom_logo_mobile_max_width":0,"ocean_custom_logo_max_height":0,"ocean_custom_logo_tablet_max_height":0,"ocean_custom_logo_mobile_max_height":0,"ocean_header_custom_menu":"28","ocean_menu_typo_font_family":"0","ocean_menu_typo_font_subset":"","ocean_menu_typo_font_size":0,"ocean_menu_typo_font_size_tablet":0,"ocean_menu_typo_font_size_mobile":0,"ocean_menu_typo_font_size_unit":"px","ocean_menu_typo_font_weight":"","ocean_menu_typo_font_weight_tablet":"","ocean_menu_typo_font_weight_mobile":"","ocean_menu_typo_transform":"","ocean_menu_typo_transform_tablet":"","ocean_menu_typo_transform_mobile":"","ocean_menu_typo_line_height":0,"ocean_menu_typo_line_height_tablet":0,"ocean_menu_typo_line_height_mobile":0,"ocean_menu_typo_line_height_unit":"","ocean_menu_typo_spacing":0,"ocean_menu_typo_spacing_tablet":0,"ocean_menu_typo_spacing_mobile":0,"ocean_menu_typo_spacing_unit":"","ocean_menu_link_color":"","ocean_menu_link_color_hover":"","ocean_menu_link_color_active":"","ocean_menu_link_background":"","ocean_menu_link_hover_background":"","ocean_menu_link_active_background":"","ocean_menu_social_links_bg":"","ocean_menu_social_hover_links_bg":"","ocean_menu_social_links_color":"","ocean_menu_social_hover_links_color":"","ocean_disable_title":"default","ocean_disable_heading":"default","ocean_post_title":"","ocean_post_subheading":"","ocean_post_title_style":"","ocean_post_title_background_color":"","ocean_post_title_background":0,"ocean_post_title_bg_image_position":"","ocean_post_title_bg_image_attachment":"","ocean_post_title_bg_image_repeat":"","ocean_post_title_bg_image_size":"","ocean_post_title_height":0,"ocean_post_title_bg_overlay":0.5,"ocean_post_title_bg_overlay_color":"","ocean_disable_breadcrumbs":"default","ocean_breadcrumbs_color":"","ocean_breadcrumbs_separator_color":"","ocean_breadcrumbs_links_color":"","ocean_breadcrumbs_links_hover_color":"","ocean_display_footer_widgets":"default","ocean_display_footer_bottom":"default","ocean_custom_footer_template":"0","footnotes":""},"class_list":["post-667","page","type-page","status-publish","hentry","entry"],"_links":{"self":[{"href":"https:\/\/luphonic.de\/en\/wp-json\/wp\/v2\/pages\/667","targetHints":{"allow":["GET"]}}],"collection":[{"href":"https:\/\/luphonic.de\/en\/wp-json\/wp\/v2\/pages"}],"about":[{"href":"https:\/\/luphonic.de\/en\/wp-json\/wp\/v2\/types\/page"}],"author":[{"embeddable":true,"href":"https:\/\/luphonic.de\/en\/wp-json\/wp\/v2\/users\/1"}],"replies":[{"embeddable":true,"href":"https:\/\/luphonic.de\/en\/wp-json\/wp\/v2\/comments?post=667"}],"version-history":[{"count":14,"href":"https:\/\/luphonic.de\/en\/wp-json\/wp\/v2\/pages\/667\/revisions"}],"predecessor-version":[{"id":1009,"href":"https:\/\/luphonic.de\/en\/wp-json\/wp\/v2\/pages\/667\/revisions\/1009"}],"wp:attachment":[{"href":"https:\/\/luphonic.de\/en\/wp-json\/wp\/v2\/media?parent=667"}],"curies":[{"name":"wp","href":"https:\/\/api.w.org\/{rel}","templated":true}]}}