{"id":1524,"date":"2024-04-29T14:25:35","date_gmt":"2024-04-29T14:25:35","guid":{"rendered":"https:\/\/luphonic.de\/?page_id=1524"},"modified":"2024-05-14T07:51:34","modified_gmt":"2024-05-14T07:51:34","slug":"modell-r2","status":"publish","type":"page","link":"https:\/\/luphonic.de\/en\/modell-r2\/","title":{"rendered":"Model R2"},"content":{"rendered":"<div data-elementor-type=\"wp-page\" data-elementor-id=\"1524\" class=\"elementor elementor-1524\">\n\t\t\t\t\t\t<section class=\"elementor-section elementor-top-section elementor-element elementor-element-86a063a elementor-section-full_width elementor-section-height-default elementor-section-height-default\" data-id=\"86a063a\" data-element_type=\"section\" data-e-type=\"section\">\n\t\t\t\t\t\t<div class=\"elementor-container elementor-column-gap-default\">\n\t\t\t\t\t<div class=\"elementor-column elementor-col-100 elementor-top-column elementor-element elementor-element-301edf7\" data-id=\"301edf7\" data-element_type=\"column\" data-e-type=\"column\">\n\t\t\t<div class=\"elementor-widget-wrap elementor-element-populated\">\n\t\t\t\t\t\t<div class=\"elementor-element elementor-element-f1dd969 elementor-widget elementor-widget-image\" data-id=\"f1dd969\" data-element_type=\"widget\" data-e-type=\"widget\" data-widget_type=\"image.default\">\n\t\t\t\t<div class=\"elementor-widget-container\">\n\t\t\t\t\t\t\t\t\t\t\t\t\t\t\t<img fetchpriority=\"high\" decoding=\"async\" width=\"1024\" height=\"462\" src=\"https:\/\/luphonic.de\/wp-content\/uploads\/2024\/04\/R2title1024.png\" class=\"attachment-1536x1536 size-1536x1536 wp-image-1526\" alt=\"\" srcset=\"https:\/\/luphonic.de\/wp-content\/uploads\/2024\/04\/R2title1024.png 1024w, https:\/\/luphonic.de\/wp-content\/uploads\/2024\/04\/R2title1024-300x135.png 300w, https:\/\/luphonic.de\/wp-content\/uploads\/2024\/04\/R2title1024-768x347.png 768w, https:\/\/luphonic.de\/wp-content\/uploads\/2024\/04\/R2title1024-18x8.png 18w\" sizes=\"(max-width: 1024px) 100vw, 1024px\" \/>\t\t\t\t\t\t\t\t\t\t\t\t\t\t\t<\/div>\n\t\t\t\t<\/div>\n\t\t\t\t\t<\/div>\n\t\t<\/div>\n\t\t\t\t\t<\/div>\n\t\t<\/section>\n\t\t\t\t<section class=\"elementor-section elementor-top-section elementor-element elementor-element-c0dafac elementor-section-boxed elementor-section-height-default elementor-section-height-default\" data-id=\"c0dafac\" data-element_type=\"section\" data-e-type=\"section\">\n\t\t\t\t\t\t<div class=\"elementor-container elementor-column-gap-default\">\n\t\t\t\t\t<div class=\"elementor-column elementor-col-50 elementor-top-column elementor-element elementor-element-7e57cf7\" data-id=\"7e57cf7\" data-element_type=\"column\" data-e-type=\"column\">\n\t\t\t<div class=\"elementor-widget-wrap elementor-element-populated\">\n\t\t\t\t\t\t<div class=\"elementor-element elementor-element-ec11ebc elementor-widget__width-initial elementor-widget elementor-widget-text-editor\" data-id=\"ec11ebc\" data-element_type=\"widget\" data-e-type=\"widget\" data-widget_type=\"text-editor.default\">\n\t\t\t\t<div class=\"elementor-widget-container\">\n\t\t\t\t\t\t\t\t\t<p><strong>Concept and materials<\/strong><\/p><p>The Luphonic R3 has adopted the proven concept of the belt drive from its brothers, as have the main materials for the chassis and platter. These are made of composite solid surface material and are characterized by high internal damping and moderate density. The motor is spatially separated from the bearing and tonearm and is located on the lower layer, which is separated from the upper layer by damping cellular rubber.<\/p><p><strong>Drive and control<\/strong><\/p><p>The smooth-running synchronous motor is controlled by motor electronics developed in-house, with which both the amplitude and the phase shift of the two sine waves are individually adapted to the built-in motor. This ensures an extremely quiet and vibration-free drive. The turntable is operated using the tried-and-tested puck for speeds of 33 1\/3 and 45 revolutions per minute.<\/p>\t\t\t\t\t\t\t\t<\/div>\n\t\t\t\t<\/div>\n\t\t\t\t\t<\/div>\n\t\t<\/div>\n\t\t\t\t<div class=\"elementor-column elementor-col-50 elementor-top-column elementor-element elementor-element-74f02f2\" data-id=\"74f02f2\" data-element_type=\"column\" data-e-type=\"column\">\n\t\t\t<div class=\"elementor-widget-wrap elementor-element-populated\">\n\t\t\t\t\t\t<div class=\"elementor-element elementor-element-ef181a3 elementor-widget elementor-widget-text-editor\" data-id=\"ef181a3\" data-element_type=\"widget\" data-e-type=\"widget\" data-widget_type=\"text-editor.default\">\n\t\t\t\t<div class=\"elementor-widget-container\">\n\t\t\t\t\t\t\t\t\t<p><strong>Operation<\/strong><\/p><p>The proven puck control from the H2 and R3 has also been used in the R2 and impresses with its contactless operation and digital display of the selected speed. The display also shows additional information such as software status, speed correction and phase position.<\/p><p><strong>Tonearm<\/strong><\/p><p>The R2 is supplied as standard with the Luphonic K2 in 9.5 inches. The K2 is a gimbal-mounted tonearm with a carbon arm tube and a wide range of adjustment options.\u00a0<\/p>\t\t\t\t\t\t\t\t<\/div>\n\t\t\t\t<\/div>\n\t\t\t\t\t<\/div>\n\t\t<\/div>\n\t\t\t\t\t<\/div>\n\t\t<\/section>\n\t\t\t\t<section class=\"elementor-section elementor-top-section elementor-element elementor-element-7975bad elementor-section-boxed elementor-section-height-default elementor-section-height-default\" data-id=\"7975bad\" data-element_type=\"section\" data-e-type=\"section\">\n\t\t\t\t\t\t<div class=\"elementor-container elementor-column-gap-default\">\n\t\t\t\t\t<div class=\"elementor-column elementor-col-100 elementor-top-column elementor-element elementor-element-1c71d7c\" data-id=\"1c71d7c\" data-element_type=\"column\" data-e-type=\"column\">\n\t\t\t<div class=\"elementor-widget-wrap elementor-element-populated\">\n\t\t\t\t\t\t<div class=\"elementor-element elementor-element-cd19078 elementor-widget elementor-widget-text-editor\" data-id=\"cd19078\" data-element_type=\"widget\" data-e-type=\"widget\" data-widget_type=\"text-editor.default\">\n\t\t\t\t<div class=\"elementor-widget-container\">\n\t\t\t\t\t\t\t\t\t<h2><strong>Specifications<\/strong><\/h2>\t\t\t\t\t\t\t\t<\/div>\n\t\t\t\t<\/div>\n\t\t\t\t\t<\/div>\n\t\t<\/div>\n\t\t\t\t\t<\/div>\n\t\t<\/section>\n\t\t\t\t<section class=\"elementor-section elementor-top-section elementor-element elementor-element-186ee52 elementor-section-boxed elementor-section-height-default elementor-section-height-default\" data-id=\"186ee52\" data-element_type=\"section\" data-e-type=\"section\">\n\t\t\t\t\t\t<div class=\"elementor-container elementor-column-gap-default\">\n\t\t\t\t\t<div class=\"elementor-column elementor-col-33 elementor-top-column elementor-element elementor-element-868d66a\" data-id=\"868d66a\" data-element_type=\"column\" data-e-type=\"column\">\n\t\t\t<div class=\"elementor-widget-wrap elementor-element-populated\">\n\t\t\t\t\t\t<div class=\"elementor-element elementor-element-c270aff elementor-widget elementor-widget-text-editor\" data-id=\"c270aff\" data-element_type=\"widget\" data-e-type=\"widget\" data-widget_type=\"text-editor.default\">\n\t\t\t\t<div class=\"elementor-widget-container\">\n\t\t\t\t\t\t\t\t\t<p>Principle<br \/>Drive<br \/>Speeds<br \/>Speed accuracy<br \/>Chassis<br \/><br \/>Platter<br \/>Tonearm<br \/>Dimensions<br \/>Weight<br \/>Color<\/p>\t\t\t\t\t\t\t\t<\/div>\n\t\t\t\t<\/div>\n\t\t\t\t\t<\/div>\n\t\t<\/div>\n\t\t\t\t<div class=\"elementor-column elementor-col-66 elementor-top-column elementor-element elementor-element-43debb2\" data-id=\"43debb2\" data-element_type=\"column\" data-e-type=\"column\">\n\t\t\t<div class=\"elementor-widget-wrap elementor-element-populated\">\n\t\t\t\t\t\t<div class=\"elementor-element elementor-element-20933e5 elementor-widget elementor-widget-text-editor\" data-id=\"20933e5\" data-element_type=\"widget\" data-e-type=\"widget\" data-widget_type=\"text-editor.default\">\n\t\t\t\t<div class=\"elementor-widget-container\">\n\t\t\t\t\t\t\t\t\t<p>Belt-driven turntable<br \/>Synchronous motor, integrated motor control<br \/>33 1\/3 and 45 rpm, electronically selectable by puck<br \/>0,04% DIN WRMS.<br \/>Solid surface material in resonance-optimized sandwich design,<br \/>Height adjustable feet<br \/>Solid surface material, height: 24mm<br \/>Luphonic K2, length 9.5 inches<br \/>W 440mm, D 350mm, H 120mm<br \/>10 kg<br \/>White chassis, black platter<\/p>\t\t\t\t\t\t\t\t<\/div>\n\t\t\t\t<\/div>\n\t\t\t\t\t<\/div>\n\t\t<\/div>\n\t\t\t\t\t<\/div>\n\t\t<\/section>\n\t\t\t\t<\/div>","protected":false},"excerpt":{"rendered":"<p>Konzept und Materialien Der Luphonic R3 hat das bew\u00e4hrte Konzept des Riemenantriebs von seinen Br\u00fcdern \u00fcbernommen, genauso wie die Hauptmaterialien f\u00fcr Chassis und Plattenteller. Diese bestehen aus dem Verbundmaterial Mineralwerkstoff und zeichnen sich durch eine hohe innere D\u00e4mpfung und bei moderater Dichte aus. Der Motor ist r\u00e4umlich von Lager und Tonarm getrennt und befindet sich [&hellip;]<\/p>\n","protected":false},"author":1,"featured_media":0,"parent":0,"menu_order":0,"comment_status":"closed","ping_status":"closed","template":"","meta":{"ocean_post_layout":"","ocean_both_sidebars_style":"","ocean_both_sidebars_content_width":0,"ocean_both_sidebars_sidebars_width":0,"ocean_sidebar":"","ocean_second_sidebar":"","ocean_disable_margins":"enable","ocean_add_body_class":"","ocean_shortcode_before_top_bar":"","ocean_shortcode_after_top_bar":"","ocean_shortcode_before_header":"","ocean_shortcode_after_header":"","ocean_has_shortcode":"","ocean_shortcode_after_title":"","ocean_shortcode_before_footer_widgets":"","ocean_shortcode_after_footer_widgets":"","ocean_shortcode_before_footer_bottom":"","ocean_shortcode_after_footer_bottom":"","ocean_display_top_bar":"default","ocean_display_header":"default","ocean_header_style":"","ocean_center_header_left_menu":"","ocean_custom_header_template":"","ocean_custom_logo":0,"ocean_custom_retina_logo":0,"ocean_custom_logo_max_width":0,"ocean_custom_logo_tablet_max_width":0,"ocean_custom_logo_mobile_max_width":0,"ocean_custom_logo_max_height":0,"ocean_custom_logo_tablet_max_height":0,"ocean_custom_logo_mobile_max_height":0,"ocean_header_custom_menu":"","ocean_menu_typo_font_family":"","ocean_menu_typo_font_subset":"","ocean_menu_typo_font_size":0,"ocean_menu_typo_font_size_tablet":0,"ocean_menu_typo_font_size_mobile":0,"ocean_menu_typo_font_size_unit":"px","ocean_menu_typo_font_weight":"","ocean_menu_typo_font_weight_tablet":"","ocean_menu_typo_font_weight_mobile":"","ocean_menu_typo_transform":"","ocean_menu_typo_transform_tablet":"","ocean_menu_typo_transform_mobile":"","ocean_menu_typo_line_height":0,"ocean_menu_typo_line_height_tablet":0,"ocean_menu_typo_line_height_mobile":0,"ocean_menu_typo_line_height_unit":"","ocean_menu_typo_spacing":0,"ocean_menu_typo_spacing_tablet":0,"ocean_menu_typo_spacing_mobile":0,"ocean_menu_typo_spacing_unit":"","ocean_menu_link_color":"","ocean_menu_link_color_hover":"","ocean_menu_link_color_active":"","ocean_menu_link_background":"","ocean_menu_link_hover_background":"","ocean_menu_link_active_background":"","ocean_menu_social_links_bg":"","ocean_menu_social_hover_links_bg":"","ocean_menu_social_links_color":"","ocean_menu_social_hover_links_color":"","ocean_disable_title":"default","ocean_disable_heading":"default","ocean_post_title":"","ocean_post_subheading":"","ocean_post_title_style":"","ocean_post_title_background_color":"","ocean_post_title_background":0,"ocean_post_title_bg_image_position":"","ocean_post_title_bg_image_attachment":"","ocean_post_title_bg_image_repeat":"","ocean_post_title_bg_image_size":"","ocean_post_title_height":0,"ocean_post_title_bg_overlay":0.5,"ocean_post_title_bg_overlay_color":"","ocean_disable_breadcrumbs":"default","ocean_breadcrumbs_color":"","ocean_breadcrumbs_separator_color":"","ocean_breadcrumbs_links_color":"","ocean_breadcrumbs_links_hover_color":"","ocean_display_footer_widgets":"default","ocean_display_footer_bottom":"default","ocean_custom_footer_template":"","footnotes":""},"class_list":["post-1524","page","type-page","status-publish","hentry","entry"],"_links":{"self":[{"href":"https:\/\/luphonic.de\/en\/wp-json\/wp\/v2\/pages\/1524","targetHints":{"allow":["GET"]}}],"collection":[{"href":"https:\/\/luphonic.de\/en\/wp-json\/wp\/v2\/pages"}],"about":[{"href":"https:\/\/luphonic.de\/en\/wp-json\/wp\/v2\/types\/page"}],"author":[{"embeddable":true,"href":"https:\/\/luphonic.de\/en\/wp-json\/wp\/v2\/users\/1"}],"replies":[{"embeddable":true,"href":"https:\/\/luphonic.de\/en\/wp-json\/wp\/v2\/comments?post=1524"}],"version-history":[{"count":13,"href":"https:\/\/luphonic.de\/en\/wp-json\/wp\/v2\/pages\/1524\/revisions"}],"predecessor-version":[{"id":1562,"href":"https:\/\/luphonic.de\/en\/wp-json\/wp\/v2\/pages\/1524\/revisions\/1562"}],"wp:attachment":[{"href":"https:\/\/luphonic.de\/en\/wp-json\/wp\/v2\/media?parent=1524"}],"curies":[{"name":"wp","href":"https:\/\/api.w.org\/{rel}","templated":true}]}}